{"id":13,"date":"2019-03-12T19:03:14","date_gmt":"2019-03-12T18:03:14","guid":{"rendered":"http:\/\/new.ligacontraelcancersv.com\/?page_id=13"},"modified":"2020-02-11T18:19:04","modified_gmt":"2020-02-12T00:19:04","slug":"quienes-somos","status":"publish","type":"page","link":"https:\/\/ligacontraelcancersv.com\/en\/quienes-somos\/","title":{"rendered":"about us"},"content":{"rendered":"<h4 class=\"celeste bold wp-block-heading\">WELCOME TO THE LEAGUE<\/h4>\n\n\n\n<h3 class=\"bold wp-block-heading\">Our institution<\/h3>\n\n\n\n<p class=\"text-justify\">La Liga Contra el C\u00e1ncer de El Salvador es una Fundaci\u00f3n sin fines de lucro<strong>,  que inicio hace 50 a\u00f1os,\u00a0 enfocados en la Detecci\u00f3n Temprana y tratamiento del c\u00e1ncer en El Salvador. <\/strong> especially in the low income population, who have no insurance coverage.<\/p>\n\n\n\n<p class=\"text-justify\">La Liga Contra el C\u00e1ncer brinda atenci\u00f3n a trav\u00e9s de su <strong>Instituto del<\/strong> C<strong>\u00e1ncer Dr. Narciso D\u00edaz\u00a0 Baz\u00e1n, <\/strong> cuenta con un staff de 30 m\u00e9dicos especialistas,  tecnolog\u00eda\u00a0 de punta y personal altamente capacitado.<\/p>\n\n\n\n<p class=\"has-text-align-left\">Desde sus inicios la Liga Contra el C\u00e1ncer  ha atendido y tratado a m\u00e1s de 100,000  pacientes y hemos practicado en la cl\u00ednica Detectora m\u00e1s de 1,700, 000 citolog\u00edas<\/p>\n\n\n\n<div class=\"modal fade\" id=\"video-institucional\" tabindex=\"-1\" role=\"dialog\" aria-labelledby=\"myModalLabel\" aria-hidden=\"true\">\n  <div class=\"modal-dialog modal-lg modal-dialog-centered\" role=\"document\">\n\n    <!--Content-->\n    <div class=\"modal-content\">\n\n      <!--Body-->\n      <div class=\"modal-body mb-0 p-0\">\n\n        <div class=\"embed-responsive embed-responsive-16by9 z-depth-1-half\">\n          <figure class=\"wp-block-video\"><video controls=\"\" src=\"https:\/\/new.ligacontraelcancersv.com\/wp-content\/uploads\/2019\/03\/50-a\u00f1os-Liga-contra-el-cancer-CF-small.mp4\"><\/video><\/figure>\n        <\/div>\n\n      <\/div>\n\n    <\/div>\n    <!--\/.Content-->\n\n  <\/div>\n<\/div>\n\n\n\n<a href=\"#\" class=\"btn btn-info white-text\" data-toggle=\"modal\" data-target=\"#video-institucional\" rel=\"noopener noreferrer\">watch video<\/a>\n\n\n\n<!--more-->\n\n\n\n<h3 class=\"bold mt-3 wp-block-heading\">Our history<\/h3>\n\n\n\n<p class=\"text-justify\">La LIGA CONTRA EL C\u00c1NCER DE EL SALVADOR, comenz\u00f3 en el a\u00f1o 1967 como el primer promotor nacional de la lucha contra el c\u00e1ncer,&nbsp;a cargo de conseguir aportes econ\u00f3micos de los socios involucrados, donaciones de entidades privadas, nacionales o extranjeras, organismos internacionales, personas naturales o jur\u00eddicas, empresas comerciales y ciudadan\u00eda en general para financiar todas las actividades del INSTITUTO DEL CANCER DE EL SALVADOR \u201cDR. NARCISO DIAZ BAZ\u00c1N\u201d, el cual se fund\u00f3 formalmente en el a\u00f1o 1971. Nuestros esfuerzos han sido dirigidos a todas las personas que necesitan tratamiento contra el c\u00e1ncer.<\/p>\n\n\n\n<h3 class=\"bold wp-block-heading\">Our mission:<\/h3>\n\n\n\n<p class=\"text-justify\">To provide highly specialized medical services, under the best quality standards, in order to PREVENT and to TREAT patients with cancer. <\/p>\n\n\n\n<h3 class=\"bold wp-block-heading\">Our vision:<\/h3>\n\n\n\n<p class=\"text-justify\">Started by our founder, Dr Narciso Diaz Bazan, our vision has been to operate a state-of-the-art Oncology Center to provide cancer treatment to the Salvadoran low-income population. Nowadays, after 50 years of operation, we continue to pursue that objective in our every day, and to address the early detection of cancer in El Salvador.<\/p>\n\n\n\n<h3 class=\"bold wp-block-heading\">Our services:<\/h3>\n\n\n\n<ul><li><a href=\"https:\/\/new.ligacontraelcancersv.com\/consulta-externa\/\">Outpatient detection and treatment<\/a><\/li><li><a href=\"https:\/\/new.ligacontraelcancersv.com\/detectora\/\">Outpatient OR<\/a><\/li><li><a href=\"https:\/\/new.ligacontraelcancersv.com\/quimioterapia\/\">Chemotherapy<\/a><\/li><li><a href=\"https:\/\/new.ligacontraelcancersv.com\/radiologia\/\">Radiology: Mamography, X rays, Ultrasound, tomography<\/a><\/li><li><a href=\"https:\/\/new.ligacontraelcancersv.com\/radioterapia\/\">Radiotherapy: Teletherapy - Brachytherapy - Medical Physics<\/a><\/li><li><a href=\"https:\/\/new.ligacontraelcancersv.com\/laboratorio\/\">Laboratory: General lab work<\/a><\/li><li><a href=\"https:\/\/new.ligacontraelcancersv.com\/patologia\/\">Pathologies<\/a><\/li><li><a href=\"https:\/\/new.ligacontraelcancersv.com\/clinica-del-dolor\/\">Pain Management and Palliative Care<\/a><\/li><li><a href=\"https:\/\/new.ligacontraelcancersv.com\/psicologia\/\">Psychology<\/a><\/li><\/ul>","protected":false},"excerpt":{"rendered":"<p>BIENVENIDO A LA LIGA Nuestra instituci\u00f3n La Liga Contra el C\u00e1ncer de El Salvador es una Fundaci\u00f3n sin fines de lucro, que inicio hace 50 a\u00f1os,\u00a0 enfocados en la Detecci\u00f3n Temprana y tratamiento del c\u00e1ncer en El Salvador. Apoyando a miles de mujeres, hombres y familias Salvadore\u00f1as que\u00a0 padecen este flagelo y que no cuentan [&hellip;]<\/p>","protected":false},"author":1,"featured_media":135,"parent":0,"menu_order":4,"comment_status":"closed","ping_status":"closed","template":"template-aboutus.php","meta":[],"aioseo_notices":[],"_links":{"self":[{"href":"https:\/\/ligacontraelcancersv.com\/en\/wp-json\/wp\/v2\/pages\/13"}],"collection":[{"href":"https:\/\/ligacontraelcancersv.com\/en\/wp-json\/wp\/v2\/pages"}],"about":[{"href":"https:\/\/ligacontraelcancersv.com\/en\/wp-json\/wp\/v2\/types\/page"}],"author":[{"embeddable":true,"href":"https:\/\/ligacontraelcancersv.com\/en\/wp-json\/wp\/v2\/users\/1"}],"replies":[{"embeddable":true,"href":"https:\/\/ligacontraelcancersv.com\/en\/wp-json\/wp\/v2\/comments?post=13"}],"version-history":[{"count":42,"href":"https:\/\/ligacontraelcancersv.com\/en\/wp-json\/wp\/v2\/pages\/13\/revisions"}],"predecessor-version":[{"id":456,"href":"https:\/\/ligacontraelcancersv.com\/en\/wp-json\/wp\/v2\/pages\/13\/revisions\/456"}],"wp:featuredmedia":[{"embeddable":true,"href":"https:\/\/ligacontraelcancersv.com\/en\/wp-json\/wp\/v2\/media\/135"}],"wp:attachment":[{"href":"https:\/\/ligacontraelcancersv.com\/en\/wp-json\/wp\/v2\/media?parent=13"}],"curies":[{"name":"wp","href":"https:\/\/api.w.org\/{rel}","templated":true}]}}